{"id":754,"date":"2025-07-01T08:07:35","date_gmt":"2025-07-01T08:07:35","guid":{"rendered":"https:\/\/shthemes.net\/demosd\/renova\/?page_id=754"},"modified":"2026-04-16T11:06:41","modified_gmt":"2026-04-16T08:06:41","slug":"contact-us","status":"publish","type":"page","link":"https:\/\/www.encoreyapi.co\/it\/contact-us\/","title":{"rendered":"Contattaci"},"content":{"rendered":"<div id=\"mapwrapper\"><div class=\"leaflet-map WPLeafletMap\" style=\"height:650px; width:100%;\"><\/div><script>\nwindow.WPLeafletMapPlugin = window.WPLeafletMapPlugin || [];\nwindow.WPLeafletMapPlugin.push(function WPLeafletMapShortcode() {\/*<script>*\/\nvar baseUrl = atob('aHR0cHM6Ly90aWxlLm9wZW5zdHJlZXRtYXAub3JnL3t6fS97eH0ve3l9LnBuZw==');\nvar base = (!baseUrl && window.MQ) ?\n    window.MQ.mapLayer() : L.tileLayer(baseUrl,\n        L.Util.extend({}, {\n            detectRetina: 0,\n        },\n        {\"subdomains\":\"abc\",\"noWrap\":false,\"maxZoom\":19}        )\n    );\n    var options = L.Util.extend({}, {\n        layers: [base],\n        attributionControl: false\n    },\n    {\"zoomControl\":false,\"scrollWheelZoom\":false,\"doubleClickZoom\":false,\"fitBounds\":false,\"minZoom\":0,\"maxZoom\":19,\"maxBounds\":null,\"attribution\":\"<a href=\\\"http:\\\/\\\/leafletjs.com\\\" title=\\\"A JS library for interactive maps\\\">Leaflet<\\\/a>; \\u00a9 <a href=\\\"http:\\\/\\\/www.openstreetmap.org\\\/copyright\\\">OpenStreetMap<\\\/a> contributors\"},\n    {});\nwindow.WPLeafletMapPlugin.createMap(options).setView([35.190710086861,-15.578214916968],3);});<\/script><\/div>\n<div id=\"rightpanel\">\n<h2>T\u00dcRK\u0130YE<\/h2>\n<h3>Encore D\u0131\u015f Ticaret Yap\u0131 \u0130n\u015faat A.\u015e<\/h3>\n<p>\ud83c\uddf9\ud83c\uddf7 T\u00fcrkiye<br \/>\n\ud83d\udcde +90 232 502 30 34<br \/>\n\ud83d\udce7 info@encoreyapi.co<br \/>\n\ud83d\udccd \u015eair E\u015fref Bulvar\u0131 No:22 Karaahmeto\u011flu \u0130\u015f Han\u0131 Kat:8 Daire: 805 Konak \u0130zmir<\/p>\n<h3>Tempus \u0130n\u015faat Enerji Taahh\u00fct A.\u015e<\/h3>\n<p>\ud83c\uddf9\ud83c\uddf7 T\u00fcrkiye<br \/>\n\ud83d\udcde +90 232 502 30 34<br \/>\n\ud83d\udce7 info@tempusyapi.co<br \/>\n\ud83d\udccd\u015eair E\u015fref Bulvar\u0131 No:22 Karaahmeto\u011flu \u0130\u015f Han\u0131 Kat:8 Daire: 805 Konak \u0130zmir<\/p>\n<h3>Yefa Petrol LTD.<\/h3>\n<p>\ud83c\uddf9\ud83c\uddf7 T\u00fcrkiye<br \/>\n\ud83d\udcde 0252 358 76 97<br \/>\n\ud83c\udf10 www.parkfitotobakim.com<br \/>\n\ud83d\udccd Midtown AVM Bodrum \u2013 Mu\u011fla<\/p>\n<h2>UNITED KINGDOM<\/h2>\n<h3>Tempus Contracting UK LTD.<\/h3>\n<p>\ud83c\uddec\ud83c\udde7 United Kingdom<br \/>\n\ud83d\udcde +90 232 502 30 34<br \/>\n\ud83d\udce7 info@tempus-uk.com<br \/>\n\ud83d\udccd 293 Green Lanes, Palmers Green London N13 4XS<\/p>\n<h2>BELGIUM<\/h2>\n<h3>Encore Belgium &amp; Development<\/h3>\n<p>\ud83c\udde7\ud83c\uddea Belgium<br \/>\n\ud83d\udcde +90 232 502 30 34<br \/>\n\ud83d\udce7 info@encoreyapi.co<br \/>\n\ud83d\udccd Avenue Louise 486\/5 1050 Bruxelles<\/p>\n<h2>ITALY<\/h2>\n<h3>Encore D\u0131\u015f Ticaret Yap\u0131 \u0130n\u015faat S.R.L<\/h3>\n<p>\ud83c\uddee\ud83c\uddf9 Italy<br \/>\n\ud83d\udcde +39 0765 208760<br \/>\n\ud83d\udce7 info@encoreitalia.com<br \/>\n\ud83d\udccd Via Fabio Filzi, 27 20124 Milano MI<br \/>\n\ud83d\udccd Via XXIV Maggio 124 02032 Fara in Sabina RI<\/p>\n<h2>UNITED STATES OF AMERICA<\/h2>\n<h3>Tempus International LLC<\/h3>\n<p>\ud83c\uddfa\ud83c\uddf8 United States<br \/>\n\ud83d\udcde +1 786 769 7226<br \/>\n\ud83d\udce7 info@tempusintl.com<br \/>\n\ud83d\udccd 233 E. Bay Street Suite #920 Unit B Jacksonville, FL 32202<\/p>\n<\/div>\n","protected":false},"excerpt":{"rendered":"<p>T\u00dcRK\u0130YE Encore D\u0131\u015f Ticaret Yap\u0131 \u0130n\u015faat A.\u015e \ud83c\uddf9\ud83c\uddf7 T\u00fcrkiye \ud83d\udcde +90 232 502 30 34 \ud83d\udce7 info@encoreyapi.co \ud83d\udccd \u015eair E\u015fref Bulvar\u0131 No:22 Karaahmeto\u011flu \u0130\u015f Han\u0131 Kat:8 Daire: 805 Konak \u0130zmir Tempus \u0130n\u015faat Enerji Taahh\u00fct A.\u015e \ud83c\uddf9\ud83c\uddf7 T\u00fcrkiye \ud83d\udcde +90 232 502 30 34 \ud83d\udce7 info@tempusyapi.co \ud83d\udccd\u015eair E\u015fref Bulvar\u0131 No:22 Karaahmeto\u011flu \u0130\u015f Han\u0131 Kat:8 Daire: 805 [&hellip;]<\/p>\n","protected":false},"author":1,"featured_media":0,"parent":0,"menu_order":0,"comment_status":"closed","ping_status":"closed","template":"elementor_header_footer","meta":{"inline_featured_image":false,"footnotes":""},"class_list":["post-754","page","type-page","status-publish","hentry"],"_links":{"self":[{"href":"https:\/\/www.encoreyapi.co\/it\/wp-json\/wp\/v2\/pages\/754","targetHints":{"allow":["GET"]}}],"collection":[{"href":"https:\/\/www.encoreyapi.co\/it\/wp-json\/wp\/v2\/pages"}],"about":[{"href":"https:\/\/www.encoreyapi.co\/it\/wp-json\/wp\/v2\/types\/page"}],"author":[{"embeddable":true,"href":"https:\/\/www.encoreyapi.co\/it\/wp-json\/wp\/v2\/users\/1"}],"replies":[{"embeddable":true,"href":"https:\/\/www.encoreyapi.co\/it\/wp-json\/wp\/v2\/comments?post=754"}],"version-history":[{"count":33,"href":"https:\/\/www.encoreyapi.co\/it\/wp-json\/wp\/v2\/pages\/754\/revisions"}],"predecessor-version":[{"id":76811,"href":"https:\/\/www.encoreyapi.co\/it\/wp-json\/wp\/v2\/pages\/754\/revisions\/76811"}],"wp:attachment":[{"href":"https:\/\/www.encoreyapi.co\/it\/wp-json\/wp\/v2\/media?parent=754"}],"curies":[{"name":"wp","href":"https:\/\/api.w.org\/{rel}","templated":true}]}}